{"id":353,"date":"2020-01-27T21:37:15","date_gmt":"2020-01-27T20:37:15","guid":{"rendered":"http:\/\/www.hafis-garage.at\/?page_id=353"},"modified":"2020-05-06T22:29:15","modified_gmt":"2020-05-06T20:29:15","slug":"presse","status":"publish","type":"page","link":"https:\/\/www.hafis-garage.at\/?page_id=353","title":{"rendered":"Presse"},"content":{"rendered":"\n<div class=\"wp-block-columns is-layout-flex wp-container-core-columns-is-layout-9d6595d7 wp-block-columns-is-layout-flex\">\n<div class=\"wp-block-column is-layout-flow wp-block-column-is-layout-flow\">\n<figure class=\"wp-block-image size-large\"><img loading=\"lazy\" decoding=\"async\" width=\"529\" height=\"751\" src=\"http:\/\/www.hafis-garage.at\/wp-content\/uploads\/2020\/01\/001tmb_01.jpg\" alt=\"\" class=\"wp-image-355\" srcset=\"https:\/\/www.hafis-garage.at\/wp-content\/uploads\/2020\/01\/001tmb_01.jpg 529w, https:\/\/www.hafis-garage.at\/wp-content\/uploads\/2020\/01\/001tmb_01-211x300.jpg 211w\" sizes=\"auto, (max-width: 529px) 100vw, 529px\" \/><\/figure>\n<\/div>\n\n\n\n<div class=\"wp-block-column is-layout-flow wp-block-column-is-layout-flow\">\n<p><a href=\"https:\/\/www.dream-machines.de\">Dream Machines<\/a> 4\/18<\/p>\n\n\n\n<p>Erscheinungsdatum:  August\/September 2018<\/p>\n\n\n\n<p>Sechseitiger Bericht (Seite 86-91) \u00fcber die 1950er Panhead.<\/p>\n\n\n\nngg_shortcode_0_placeholder\n<\/div>\n<\/div>\n\n\n\n<div class=\"wp-block-columns is-layout-flex wp-container-core-columns-is-layout-9d6595d7 wp-block-columns-is-layout-flex\">\n<div class=\"wp-block-column is-layout-flow wp-block-column-is-layout-flow\">\n<figure class=\"wp-block-image size-large\"><img loading=\"lazy\" decoding=\"async\" width=\"340\" height=\"459\" src=\"http:\/\/www.hafis-garage.at\/wp-content\/uploads\/2020\/01\/cimlap.jpg\" alt=\"\" class=\"wp-image-356\" srcset=\"https:\/\/www.hafis-garage.at\/wp-content\/uploads\/2020\/01\/cimlap.jpg 340w, https:\/\/www.hafis-garage.at\/wp-content\/uploads\/2020\/01\/cimlap-222x300.jpg 222w\" sizes=\"auto, (max-width: 340px) 100vw, 340px\" \/><\/figure>\n<\/div>\n\n\n\n<div class=\"wp-block-column is-layout-flow wp-block-column-is-layout-flow\">\n<p><a href=\"http:\/\/www.wild.hu\">Wild Magazin<\/a> Nr. 273 <\/p>\n\n\n\n<p>Erscheinungsdatum:  August 2018<\/p>\n\n\n\n<p>Siebenseitiger Bericht (Seite 14-29) \u00fcber die 1950er Panhead.<\/p>\n\n\n\nngg_shortcode_1_placeholder\n<\/div>\n<\/div>\n\n\n\n<div class=\"wp-block-columns is-layout-flex wp-container-core-columns-is-layout-9d6595d7 wp-block-columns-is-layout-flex\">\n<div class=\"wp-block-column is-layout-flow wp-block-column-is-layout-flow\">\n<figure class=\"wp-block-image size-large\"><img loading=\"lazy\" decoding=\"async\" width=\"340\" height=\"459\" src=\"http:\/\/www.hafis-garage.at\/wp-content\/uploads\/2020\/01\/cimlap-1.jpg\" alt=\"\" class=\"wp-image-358\" srcset=\"https:\/\/www.hafis-garage.at\/wp-content\/uploads\/2020\/01\/cimlap-1.jpg 340w, https:\/\/www.hafis-garage.at\/wp-content\/uploads\/2020\/01\/cimlap-1-222x300.jpg 222w\" sizes=\"auto, (max-width: 340px) 100vw, 340px\" \/><\/figure>\n<\/div>\n\n\n\n<div class=\"wp-block-column is-layout-flow wp-block-column-is-layout-flow\">\n<p><a href=\"http:\/\/www.wild.hu\">Wild Magazin<\/a> Nr 282<\/p>\n\n\n\n<p>Erscheinungsdatum:  Mai 2019<\/p>\n\n\n\n<p>F\u00fcnfseitiger Bericht (Seite 36-40) \u00fcber die Antn<\/p>\n\n\n\nngg_shortcode_2_placeholder\n<\/div>\n<\/div>\n\n\n\n<div class=\"wp-block-columns is-layout-flex wp-container-core-columns-is-layout-9d6595d7 wp-block-columns-is-layout-flex\">\n<div class=\"wp-block-column is-layout-flow wp-block-column-is-layout-flow\">\n<figure class=\"wp-block-image size-large\"><img loading=\"lazy\" decoding=\"async\" width=\"555\" height=\"787\" src=\"http:\/\/www.hafis-garage.at\/wp-content\/uploads\/2020\/01\/001tmb_titel-bn-0220-1000px.jpg\" alt=\"\" class=\"wp-image-359\" srcset=\"https:\/\/www.hafis-garage.at\/wp-content\/uploads\/2020\/01\/001tmb_titel-bn-0220-1000px.jpg 555w, https:\/\/www.hafis-garage.at\/wp-content\/uploads\/2020\/01\/001tmb_titel-bn-0220-1000px-212x300.jpg 212w\" sizes=\"auto, (max-width: 555px) 100vw, 555px\" \/><\/figure>\n<\/div>\n\n\n\n<div class=\"wp-block-column is-layout-flow wp-block-column-is-layout-flow\">\n<p><a href=\"https:\/\/www.bikersnews.de\">Bikers News<\/a> 2\/20<\/p>\n\n\n\n<p>Erscheinungsdatum:  Februar 2020<\/p>\n<\/div>\n<\/div>\n\n\n\n<div class=\"wp-block-columns is-layout-flex wp-container-core-columns-is-layout-9d6595d7 wp-block-columns-is-layout-flex\">\n<div class=\"wp-block-column is-layout-flow wp-block-column-is-layout-flow\">\n<figure class=\"wp-block-image size-large\"><img loading=\"lazy\" decoding=\"async\" width=\"520\" height=\"737\" src=\"http:\/\/www.hafis-garage.at\/wp-content\/uploads\/2020\/01\/001tmb_01-1.jpg\" alt=\"\" class=\"wp-image-360\" srcset=\"https:\/\/www.hafis-garage.at\/wp-content\/uploads\/2020\/01\/001tmb_01-1.jpg 520w, https:\/\/www.hafis-garage.at\/wp-content\/uploads\/2020\/01\/001tmb_01-1-212x300.jpg 212w\" sizes=\"auto, (max-width: 520px) 100vw, 520px\" \/><\/figure>\n<\/div>\n\n\n\n<div class=\"wp-block-column is-layout-flow wp-block-column-is-layout-flow\">\n<p><a href=\"https:\/\/www.dream-machines.de\">Dream Machines<\/a> 4\/19<\/p>\n\n\n\n<p>Erscheinungsdatum:  August\/Septempber 2019<\/p>\n<\/div>\n<\/div>\n\n\n\n<div class=\"wp-block-columns is-layout-flex wp-container-core-columns-is-layout-9d6595d7 wp-block-columns-is-layout-flex\">\n<div class=\"wp-block-column is-layout-flow wp-block-column-is-layout-flow\">\n<figure class=\"wp-block-image size-large\"><img loading=\"lazy\" decoding=\"async\" width=\"340\" height=\"459\" src=\"http:\/\/www.hafis-garage.at\/wp-content\/uploads\/2020\/01\/cimlap-2.jpg\" alt=\"\" class=\"wp-image-361\" srcset=\"https:\/\/www.hafis-garage.at\/wp-content\/uploads\/2020\/01\/cimlap-2.jpg 340w, https:\/\/www.hafis-garage.at\/wp-content\/uploads\/2020\/01\/cimlap-2-222x300.jpg 222w\" sizes=\"auto, (max-width: 340px) 100vw, 340px\" \/><\/figure>\n<\/div>\n\n\n\n<div class=\"wp-block-column is-layout-flow wp-block-column-is-layout-flow\">\n<p><a href=\"http:\/\/www.wild.hu\">Wild Magazin<\/a> Nr. 272<\/p>\n\n\n\n<p>Erscheinungsdatum:  Juli 2018<\/p>\n\n\n\n<p>F\u00fcnfseitiger Bericht (Seite 14-20) \u00fcber die Fighter GSX-R 1400<\/p>\n<\/div>\n<\/div>\n\n\n\n<div class=\"wp-block-columns is-layout-flex wp-container-core-columns-is-layout-9d6595d7 wp-block-columns-is-layout-flex\">\n<div class=\"wp-block-column is-layout-flow wp-block-column-is-layout-flow\">\n<figure class=\"wp-block-image size-large\"><img loading=\"lazy\" decoding=\"async\" width=\"483\" height=\"684\" src=\"http:\/\/www.hafis-garage.at\/wp-content\/uploads\/2020\/01\/Capture.png\" alt=\"\" class=\"wp-image-363\" srcset=\"https:\/\/www.hafis-garage.at\/wp-content\/uploads\/2020\/01\/Capture.png 483w, https:\/\/www.hafis-garage.at\/wp-content\/uploads\/2020\/01\/Capture-212x300.png 212w\" sizes=\"auto, (max-width: 483px) 100vw, 483px\" \/><\/figure>\n<\/div>\n\n\n\n<div class=\"wp-block-column is-layout-flow wp-block-column-is-layout-flow\">\n<p><a href=\"https:\/\/custombike.de\/\">Custombike <\/a>7\/18<\/p>\n\n\n\n<p>Erscheinungsdatum:  Juli 2018<\/p>\n<\/div>\n<\/div>\n\n\n\n<div class=\"wp-block-columns is-layout-flex wp-container-core-columns-is-layout-9d6595d7 wp-block-columns-is-layout-flex\">\n<div class=\"wp-block-column is-layout-flow wp-block-column-is-layout-flow\">\n<figure class=\"wp-block-image size-large\"><img loading=\"lazy\" decoding=\"async\" width=\"500\" height=\"709\" src=\"http:\/\/www.hafis-garage.at\/wp-content\/uploads\/2020\/01\/001tmb_TitelDM119.jpg\" alt=\"\" class=\"wp-image-364\" srcset=\"https:\/\/www.hafis-garage.at\/wp-content\/uploads\/2020\/01\/001tmb_TitelDM119.jpg 500w, https:\/\/www.hafis-garage.at\/wp-content\/uploads\/2020\/01\/001tmb_TitelDM119-212x300.jpg 212w\" sizes=\"auto, (max-width: 500px) 100vw, 500px\" \/><\/figure>\n<\/div>\n\n\n\n<div class=\"wp-block-column is-layout-flow wp-block-column-is-layout-flow\">\n<p><a href=\"https:\/\/www.dream-machines.de\">Dream Machines<\/a> 1\/19<\/p>\n\n\n\n<p>Erscheinungsdatum:  M\u00e4rz 2019<\/p>\n<\/div>\n<\/div>\n\n\n\n<div class=\"wp-block-columns is-layout-flex wp-container-core-columns-is-layout-9d6595d7 wp-block-columns-is-layout-flex\">\n<div class=\"wp-block-column is-layout-flow wp-block-column-is-layout-flow\">\n<figure class=\"wp-block-image size-large\"><img loading=\"lazy\" decoding=\"async\" width=\"444\" height=\"629\" src=\"http:\/\/www.hafis-garage.at\/wp-content\/uploads\/2020\/01\/001tmb_titel-bn-0119-1000px-Kopie.jpg\" alt=\"\" class=\"wp-image-365\" srcset=\"https:\/\/www.hafis-garage.at\/wp-content\/uploads\/2020\/01\/001tmb_titel-bn-0119-1000px-Kopie.jpg 444w, https:\/\/www.hafis-garage.at\/wp-content\/uploads\/2020\/01\/001tmb_titel-bn-0119-1000px-Kopie-212x300.jpg 212w\" sizes=\"auto, (max-width: 444px) 100vw, 444px\" \/><\/figure>\n<\/div>\n\n\n\n<div class=\"wp-block-column is-layout-flow wp-block-column-is-layout-flow\">\n<p><a href=\"https:\/\/www.bikersnews.de\">Bikers News<\/a> 1\/19<\/p>\n\n\n\n<p>Erscheinungsdatum: Januar 2019<\/p>\n<\/div>\n<\/div>\n","protected":false},"excerpt":{"rendered":"<p>Dream Machines 4\/18 Erscheinungsdatum: August\/September 2018 Sechseitiger Bericht (Seite 86-91) \u00fcber die 1950er Panhead. Wild Magazin Nr. 273 Erscheinungsdatum: August 2018 Siebenseitiger Bericht (Seite 14-29) \u00fcber die 1950er Panhead. Wild Magazin Nr 282 Erscheinungsdatum: Mai 2019 F\u00fcnfseitiger Bericht (Seite 36-40) \u00fcber die Antn Bikers News 2\/20 Erscheinungsdatum: Februar 2020 Dream Machines 4\/19 Erscheinungsdatum: August\/Septempber 2019 [&hellip;]<\/p>\n","protected":false},"author":1,"featured_media":0,"parent":0,"menu_order":0,"comment_status":"closed","ping_status":"closed","template":"","meta":{"ngg_post_thumbnail":0,"footnotes":""},"class_list":["post-353","page","type-page","status-publish","hentry"],"_links":{"self":[{"href":"https:\/\/www.hafis-garage.at\/index.php?rest_route=\/wp\/v2\/pages\/353","targetHints":{"allow":["GET"]}}],"collection":[{"href":"https:\/\/www.hafis-garage.at\/index.php?rest_route=\/wp\/v2\/pages"}],"about":[{"href":"https:\/\/www.hafis-garage.at\/index.php?rest_route=\/wp\/v2\/types\/page"}],"author":[{"embeddable":true,"href":"https:\/\/www.hafis-garage.at\/index.php?rest_route=\/wp\/v2\/users\/1"}],"replies":[{"embeddable":true,"href":"https:\/\/www.hafis-garage.at\/index.php?rest_route=%2Fwp%2Fv2%2Fcomments&post=353"}],"version-history":[{"count":6,"href":"https:\/\/www.hafis-garage.at\/index.php?rest_route=\/wp\/v2\/pages\/353\/revisions"}],"predecessor-version":[{"id":603,"href":"https:\/\/www.hafis-garage.at\/index.php?rest_route=\/wp\/v2\/pages\/353\/revisions\/603"}],"wp:attachment":[{"href":"https:\/\/www.hafis-garage.at\/index.php?rest_route=%2Fwp%2Fv2%2Fmedia&parent=353"}],"curies":[{"name":"wp","href":"https:\/\/api.w.org\/{rel}","templated":true}]}}